{"id":1375,"date":"2017-12-11T11:37:33","date_gmt":"2017-12-11T11:37:33","guid":{"rendered":"https:\/\/demo.themegrill.com\/colormag-beauty-blog\/?page_id=174"},"modified":"2021-02-04T13:18:45","modified_gmt":"2021-02-04T13:18:45","slug":"zbytek-sveta","status":"publish","type":"page","link":"https:\/\/www.iforbes.cz\/index.php\/zbytek-sveta\/","title":{"rendered":"Zbytek sv\u011bta"},"content":{"rendered":"\t\t<div data-elementor-type=\"wp-post\" data-elementor-id=\"1375\" class=\"elementor elementor-1375\" data-elementor-settings=\"[]\">\n\t\t\t\t\t\t<div class=\"elementor-inner\">\n\t\t\t\t\t\t\t<div class=\"elementor-section-wrap\">\n\t\t\t\t\t\t\t<section class=\"elementor-section elementor-top-section elementor-element elementor-element-2b15bf33 elementor-section-boxed elementor-section-height-default elementor-section-height-default\" data-id=\"2b15bf33\" data-element_type=\"section\">\n\t\t\t\t\t\t<div class=\"elementor-container elementor-column-gap-default\">\n\t\t\t\t\t\t\t<div class=\"elementor-row\">\n\t\t\t\t\t<div class=\"elementor-column elementor-col-100 elementor-top-column elementor-element elementor-element-435b04e\" data-id=\"435b04e\" data-element_type=\"column\">\n\t\t\t<div class=\"elementor-column-wrap elementor-element-populated\">\n\t\t\t\t\t\t\t<div class=\"elementor-widget-wrap\">\n\t\t\t\t\t\t<div class=\"elementor-element elementor-element-3b18fc96 elementor-widget elementor-widget-heading\" data-id=\"3b18fc96\" data-element_type=\"widget\" data-widget_type=\"heading.default\">\n\t\t\t\t<div class=\"elementor-widget-container\">\n\t\t\t<h2 class=\"elementor-heading-title elementor-size-default\">Zbytek sv\u011bta<\/h2>\t\t<\/div>\n\t\t\t\t<\/div>\n\t\t\t\t\t\t<\/div>\n\t\t\t\t\t<\/div>\n\t\t<\/div>\n\t\t\t\t\t\t\t\t<\/div>\n\t\t\t\t\t<\/div>\n\t\t<\/section>\n\t\t\t\t<section class=\"elementor-section elementor-top-section elementor-element elementor-element-6ec40d7 elementor-section-boxed elementor-section-height-default elementor-section-height-default\" data-id=\"6ec40d7\" data-element_type=\"section\">\n\t\t\t\t\t\t<div class=\"elementor-container elementor-column-gap-default\">\n\t\t\t\t\t\t\t<div class=\"elementor-row\">\n\t\t\t\t\t<div class=\"elementor-column elementor-col-100 elementor-top-column elementor-element elementor-element-1f0f166\" data-id=\"1f0f166\" data-element_type=\"column\">\n\t\t\t<div class=\"elementor-column-wrap\">\n\t\t\t\t\t\t\t<div class=\"elementor-widget-wrap\">\n\t\t\t\t\t\t\t\t<\/div>\n\t\t\t\t\t<\/div>\n\t\t<\/div>\n\t\t\t\t\t\t\t\t<\/div>\n\t\t\t\t\t<\/div>\n\t\t<\/section>\n\t\t\t\t<section class=\"elementor-section elementor-top-section elementor-element elementor-element-71f7319 elementor-section-boxed elementor-section-height-default elementor-section-height-default\" data-id=\"71f7319\" data-element_type=\"section\">\n\t\t\t\t\t\t<div class=\"elementor-container elementor-column-gap-default\">\n\t\t\t\t\t\t\t<div class=\"elementor-row\">\n\t\t\t\t\t<div class=\"elementor-column elementor-col-100 elementor-top-column elementor-element elementor-element-d2165df\" data-id=\"d2165df\" data-element_type=\"column\">\n\t\t\t<div class=\"elementor-column-wrap elementor-element-populated\">\n\t\t\t\t\t\t\t<div class=\"elementor-widget-wrap\">\n\t\t\t\t\t\t<div class=\"elementor-element elementor-element-0ca28b5 elementor-widget elementor-widget-ColorMag-Posts-Block-2\" data-id=\"0ca28b5\" data-element_type=\"widget\" data-widget_type=\"ColorMag-Posts-Block-2.default\">\n\t\t\t\t<div class=\"elementor-widget-container\">\n\t\t\t\n\t\t<div class=\"tg-module-block tg-module-wrapper tg-module-block--style-2\">\n\t\t\t\n\t\t\t<div class=\"tg-row\">\n\t\t\t\t\n\t\t\t\t\t<div class=\"tg-col-control\">\n\t\t\t\t\t\t<div class=\"tg_module_block tg-first-block\">\n\t\t\t\t\t\t\t\t\t\t\t\t\t\t\t\t\t\t\t\t\t\t\t\t\t\t<figure class=\"tg-module-thumb\">\n\t\t\t\t\t\t\t\t\t\t\t<a href=\"https:\/\/www.iforbes.cz\/index.php\/2021\/02\/04\/v-obchodnim-centru-sestka-zahajila-provoz-nova-prodejna-knihy-dobrovsky-zatim-bude-slouzit-jako-vydejna-objednavek-z-e-shopu\/\" class=\"tg-thumb-link\">\n\t\t\t<img width=\"392\" height=\"272\" src=\"https:\/\/www.iforbes.cz\/wp-content\/uploads\/2021\/02\/IMG_3320-kopie-2-392x272.jpg\" class=\"attachment-colormag-highlighted-post size-colormag-highlighted-post wp-post-image\" alt=\"\" loading=\"lazy\" srcset=\"https:\/\/www.iforbes.cz\/wp-content\/uploads\/2021\/02\/IMG_3320-kopie-2-392x272.jpg 392w, https:\/\/www.iforbes.cz\/wp-content\/uploads\/2021\/02\/IMG_3320-kopie-2-130x90.jpg 130w, https:\/\/www.iforbes.cz\/wp-content\/uploads\/2021\/02\/IMG_3320-kopie-2-600x417.jpg 600w\" sizes=\"(max-width: 392px) 100vw, 392px\" \/>\t\t<\/a>\n\t\t<div class=\"tg-post-categories\"><a href=\"https:\/\/www.iforbes.cz\/index.php\/category\/zbytek-sveta\/\" class=\"tg-post-category\" rel=\"category tag\">Zbytek sv\u011bta<\/a>&nbsp;<\/div>\t\t\t\t\t\t\t\t<\/figure>\n\t\t\t\t\t\t\t\t\n\t\t\t\t\t\t\t\t\t\t\t\t\t\t\t\t\t\t\t\n\t\t\t\t\t\t\t\t\t<h3 class=\"tg-module-title entry-title\">\n\t\t\t<a href=\"https:\/\/www.iforbes.cz\/index.php\/2021\/02\/04\/v-obchodnim-centru-sestka-zahajila-provoz-nova-prodejna-knihy-dobrovsky-zatim-bude-slouzit-jako-vydejna-objednavek-z-e-shopu\/\">V obchodn\u00edm centru \u0160estka zah\u00e1jila provoz nov\u00e1 prodejna Knihy Dobrovsk\u00fd, zat\u00edm bude slou\u017eit jako v\u00fddejna objedn\u00e1vek z e-shopu<\/a>\n\t\t<\/h3>\n\t\t\t\t\t\t\t\t\t\t\t\t\t\t\n\t\t\t\t\t\t\t\n\t\t<div class=\"tg-module-meta\">\n\t\t\t\n\t\t\t<span class=\"tg-post-date entry-date\">\n\t\t\t\t<a href=\"https:\/\/www.iforbes.cz\/index.php\/2021\/02\/04\/v-obchodnim-centru-sestka-zahajila-provoz-nova-prodejna-knihy-dobrovsky-zatim-bude-slouzit-jako-vydejna-objednavek-z-e-shopu\/\" rel=\"bookmark\"><time class=\"entry-date published\" datetime=\"2021-02-04T13:13:20+00:00\">4 \u00fanora, 2021<\/time><time class=\"updated\" datetime=\"2021-02-04T13:13:21+00:00\">4 \u00fanora, 2021<\/time><\/a>\t\t\t<\/span>\n\n\t\t\t<span class=\"tg-post-auther-name author vcard\">\n\t\t\t\t<a class=\"url fn n\" href=\"https:\/\/www.iforbes.cz\/index.php\/author\/iforbescz\/\">iforbescz<\/a>\t\t\t<\/span>\n\n\t\t\t\t\t\t\t<span class=\"tg-module-comments\">\n\t\t\t\t\t<a href=\"https:\/\/www.iforbes.cz\/index.php\/2021\/02\/04\/v-obchodnim-centru-sestka-zahajila-provoz-nova-prodejna-knihy-dobrovsky-zatim-bude-slouzit-jako-vydejna-objednavek-z-e-shopu\/#respond\">0<\/a>\t\t\t\t<\/span>\n\t\t\t\t\t<\/div>\n\n\t\t\t\t\t\t\t\t\t\t\t\t\t\t\n\t\t\t\t\t\t\t\n\t\t\t\t\t\t\t<div class=\"tg-expert entry-content\">\n\t\t\t\t\t\t\t\t<p>Obchodn\u00ed centrum \u0160estka roz\u0161i\u0159uje sv\u00e9 portfolio obchod\u016f a slu\u017eeb, dne 3. \u00fanora tu otev\u0159ela svou pobo\u010dku spole\u010dnost Knihy Dobrovsk\u00fd. Prodejna<\/p>\n\t\t\t\t\t\t\t<\/div>\n\n\t\t\t\t\t\t<\/div>\n\t\t\t\t\t\t\t\t\t\t\t\t\t\t\t\t\t\t<\/div>\n\n\t\t\t\t\t\t\t\t<\/div>\n\t\t<\/div>\n\n\t\t\t\t<\/div>\n\t\t\t\t<\/div>\n\t\t\t\t\t\t<\/div>\n\t\t\t\t\t<\/div>\n\t\t<\/div>\n\t\t\t\t\t\t\t\t<\/div>\n\t\t\t\t\t<\/div>\n\t\t<\/section>\n\t\t\t\t\t\t<\/div>\n\t\t\t\t\t\t<\/div>\n\t\t\t\t\t<\/div>\n\t\t","protected":false},"excerpt":{"rendered":"<p>Zbytek sv\u011bta Zbytek sv\u011bta&nbsp; V obchodn\u00edm centru \u0160estka zah\u00e1jila provoz nov\u00e1 prodejna Knihy Dobrovsk\u00fd, zat\u00edm bude slou\u017eit jako v\u00fddejna objedn\u00e1vek<\/p>\n","protected":false},"author":1,"featured_media":0,"parent":0,"menu_order":0,"comment_status":"closed","ping_status":"closed","template":"page-templates\/page-builder.php","meta":{"colormag_page_container_layout":"no_sidebar_full_width","colormag_page_sidebar_layout":"no_sidebar"},"_links":{"self":[{"href":"https:\/\/www.iforbes.cz\/index.php\/wp-json\/wp\/v2\/pages\/1375"}],"collection":[{"href":"https:\/\/www.iforbes.cz\/index.php\/wp-json\/wp\/v2\/pages"}],"about":[{"href":"https:\/\/www.iforbes.cz\/index.php\/wp-json\/wp\/v2\/types\/page"}],"author":[{"embeddable":true,"href":"https:\/\/www.iforbes.cz\/index.php\/wp-json\/wp\/v2\/users\/1"}],"replies":[{"embeddable":true,"href":"https:\/\/www.iforbes.cz\/index.php\/wp-json\/wp\/v2\/comments?post=1375"}],"version-history":[{"count":13,"href":"https:\/\/www.iforbes.cz\/index.php\/wp-json\/wp\/v2\/pages\/1375\/revisions"}],"predecessor-version":[{"id":1739,"href":"https:\/\/www.iforbes.cz\/index.php\/wp-json\/wp\/v2\/pages\/1375\/revisions\/1739"}],"wp:attachment":[{"href":"https:\/\/www.iforbes.cz\/index.php\/wp-json\/wp\/v2\/media?parent=1375"}],"curies":[{"name":"wp","href":"https:\/\/api.w.org\/{rel}","templated":true}]}}